{"id":16055,"date":"2022-02-27T16:03:15","date_gmt":"2022-02-27T15:03:15","guid":{"rendered":"http:\/\/themis-conseils.fr.visiopub.eu\/?page_id=16055"},"modified":"2022-11-27T18:57:40","modified_gmt":"2022-11-27T17:57:40","slug":"droit-des-societes","status":"publish","type":"page","link":"https:\/\/themis-conseils.com\/index.php\/droit-des-societes\/","title":{"rendered":"Droit des soci\u00e9t\u00e9s"},"content":{"rendered":"<p>[vc_row css_animation=\u00a0\u00bb\u00a0\u00bb row_type=\u00a0\u00bbrow\u00a0\u00bb use_row_as_full_screen_section=\u00a0\u00bbno\u00a0\u00bb type=\u00a0\u00bbfull_width\u00a0\u00bb angled_section=\u00a0\u00bbno\u00a0\u00bb text_align=\u00a0\u00bbleft\u00a0\u00bb background_image_as_pattern=\u00a0\u00bbwithout_pattern\u00a0\u00bb][vc_column width=\u00a0\u00bb2\/3&Prime;][vc_empty_space height=\u00a0\u00bb20px\u00a0\u00bb][vc_column_text]<\/p>\n<h4>Nous accompagnons les entreprises de toutes tailles dans toutes les op\u00e9rations courantes et exceptionnelles qui rythment la vie des soci\u00e9t\u00e9s.<\/h4>\n<p>[\/vc_column_text][vc_empty_space height=\u00a0\u00bb30px\u00a0\u00bb][vc_column_text]<\/p>\n<ul>\n<li>Constitution de soci\u00e9t\u00e9s (commerciales, civiles, professionnelles, coop\u00e9ratives, agricoles) ;<\/li>\n<li>Suivi et secr\u00e9tariat juridique annuel : approbation des comptes, r\u00e9daction des proc\u00e8s-verbaux d\u2019assembl\u00e9es, tenue des registres l\u00e9gaux, etc. ;<\/li>\n<li>Les op\u00e9rations sur le capital : lev\u00e9e de fonds, augmentation du capital, r\u00e9duction du capital ;<\/li>\n<li>Restructuration dans le domaine m\u00e9dical : passage en SEL (Soci\u00e9t\u00e9 d\u2019Exercice Lib\u00e9ral), cession de patient\u00e8le, apport de patient\u00e8le et constitution de SPFPL (soci\u00e9t\u00e9 de participations financi\u00e8res de professions lib\u00e9rales) ;<\/li>\n<li>Les op\u00e9rations de retrait, de s\u00e9paration ou de cession entre associ\u00e9s ;<\/li>\n<li>Les op\u00e9rations de transformation et toutes modifications statutaires ;<\/li>\n<li>Les op\u00e9rations d\u2019apports, de fusions, de scissions et d\u2019apports partiels d\u2019actifs ;<\/li>\n<li>L\u2019organisation juridique des groupes de soci\u00e9t\u00e9s : apport de titres, op\u00e9rations de restructuration interne, convention de gestion de tr\u00e9sorerie, convention de prestation de services, etc \u2026 ;<\/li>\n<li>L\u2019organisation de la gouvernance d\u2019une soci\u00e9t\u00e9 : Pacte d\u2019associ\u00e9s, r\u00e8glement int\u00e9rieur, assistance lors d\u2019un contentieux entre associ\u00e9s, etc. ;<\/li>\n<li>Audit juridique et fiscal : audit de cession ou d\u2019acquisition ;<\/li>\n<li>La transmission et la cession de titres d\u2019entreprise, la transmission et la cession de contr\u00f4le ; op\u00e9rations juridiques et fiscales pr\u00e9alables \u00e0 la transmission (apport de titres, donation de titres, pacte Dutreil, etc \u2026) ;<\/li>\n<li>La dissolution et la liquidation.<\/li>\n<\/ul>\n<p>[\/vc_column_text][\/vc_column][vc_column width=\u00a0\u00bb1\/3&Prime;][vc_single_image image=\u00a0\u00bb16067&Prime; img_size=\u00a0\u00bblarge\u00a0\u00bb qode_css_animation=\u00a0\u00bb\u00a0\u00bb][\/vc_column][\/vc_row][vc_row css_animation=\u00a0\u00bb\u00a0\u00bb row_type=\u00a0\u00bbrow\u00a0\u00bb use_row_as_full_screen_section=\u00a0\u00bbno\u00a0\u00bb type=\u00a0\u00bbfull_width\u00a0\u00bb angled_section=\u00a0\u00bbno\u00a0\u00bb text_align=\u00a0\u00bbleft\u00a0\u00bb background_image_as_pattern=\u00a0\u00bbwithout_pattern\u00a0\u00bb][vc_column][vc_empty_space][\/vc_column][\/vc_row]<\/p>\n","protected":false},"excerpt":{"rendered":"<p>[vc_row css_animation=\u00a0\u00bb\u00a0\u00bb row_type=\u00a0\u00bbrow\u00a0\u00bb use_row_as_full_screen_section=\u00a0\u00bbno\u00a0\u00bb type=\u00a0\u00bbfull_width\u00a0\u00bb angled_section=\u00a0\u00bbno\u00a0\u00bb text_align=\u00a0\u00bbleft\u00a0\u00bb background_image_as_pattern=\u00a0\u00bbwithout_pattern\u00a0\u00bb][vc_column width=\u00a0\u00bb2\/3&Prime;][vc_empty_space height=\u00a0\u00bb20px\u00a0\u00bb][vc_column_text] Nous accompagnons les entreprises de toutes tailles dans toutes les op\u00e9rations courantes et exceptionnelles qui rythment la vie des soci\u00e9t\u00e9s. [\/vc_column_text][vc_empty_space height=\u00a0\u00bb30px\u00a0\u00bb][vc_column_text] Constitution de soci\u00e9t\u00e9s (commerciales, civiles, professionnelles, coop\u00e9ratives, agricoles) ; Suivi et secr\u00e9tariat juridique&#8230;<\/p>\n","protected":false},"author":1,"featured_media":0,"parent":0,"menu_order":0,"comment_status":"closed","ping_status":"closed","template":"","meta":[],"_links":{"self":[{"href":"https:\/\/themis-conseils.com\/index.php\/wp-json\/wp\/v2\/pages\/16055"}],"collection":[{"href":"https:\/\/themis-conseils.com\/index.php\/wp-json\/wp\/v2\/pages"}],"about":[{"href":"https:\/\/themis-conseils.com\/index.php\/wp-json\/wp\/v2\/types\/page"}],"author":[{"embeddable":true,"href":"https:\/\/themis-conseils.com\/index.php\/wp-json\/wp\/v2\/users\/1"}],"replies":[{"embeddable":true,"href":"https:\/\/themis-conseils.com\/index.php\/wp-json\/wp\/v2\/comments?post=16055"}],"version-history":[{"count":26,"href":"https:\/\/themis-conseils.com\/index.php\/wp-json\/wp\/v2\/pages\/16055\/revisions"}],"predecessor-version":[{"id":16198,"href":"https:\/\/themis-conseils.com\/index.php\/wp-json\/wp\/v2\/pages\/16055\/revisions\/16198"}],"wp:attachment":[{"href":"https:\/\/themis-conseils.com\/index.php\/wp-json\/wp\/v2\/media?parent=16055"}],"curies":[{"name":"wp","href":"https:\/\/api.w.org\/{rel}","templated":true}]}}