{"id":16133,"date":"2022-03-06T13:06:14","date_gmt":"2022-03-06T12:06:14","guid":{"rendered":"http:\/\/themis-conseils.fr.visiopub.eu\/?page_id=16133"},"modified":"2022-11-27T18:47:50","modified_gmt":"2022-11-27T17:47:50","slug":"honoraires","status":"publish","type":"page","link":"https:\/\/themis-conseils.com\/index.php\/honoraires\/","title":{"rendered":"Honoraires"},"content":{"rendered":"<p>[vc_row css_animation=\u00a0\u00bb\u00a0\u00bb row_type=\u00a0\u00bbrow\u00a0\u00bb use_row_as_full_screen_section=\u00a0\u00bbno\u00a0\u00bb type=\u00a0\u00bbfull_width\u00a0\u00bb angled_section=\u00a0\u00bbno\u00a0\u00bb text_align=\u00a0\u00bbleft\u00a0\u00bb background_image_as_pattern=\u00a0\u00bbwithout_pattern\u00a0\u00bb][vc_column width=\u00a0\u00bb2\/3&Prime;][vc_column_text]<\/p>\n<h4>Les honoraires sont fix\u00e9s en fonction de la nature et de la complexit\u00e9 de l\u2019affaire.<\/h4>\n<p>[\/vc_column_text][vc_empty_space height=\u00a0\u00bb30px\u00a0\u00bb][vc_column_text]<strong>Les diff\u00e9rentes formes du calcul des honoraires :<\/strong><\/p>\n<p>&nbsp;<\/p>\n<p><strong>Honoraire forfaitaire :<\/strong><br \/>\nCette m\u00e9thode est envisageable dans les dossiers dont la dur\u00e9e de la proc\u00e9dure et le volume des prestations est connue d\u2019avance.<\/p>\n<p><strong><br \/>\nHonoraire au temps pass\u00e9 :<\/strong> Ce mode de facturation est fond\u00e9 sur un taux horaire propos\u00e9 et convenue avec le client lors du premier entretien au cabinet et qui correspond g\u00e9n\u00e9ralement aux prestations r\u00e9ellement fournies.<\/p>\n<p><strong><br \/>\nHonoraire de r\u00e9sultat :<\/strong> La loi pr\u00e9cise que : \u00ab L\u2019Avocat est en droit de solliciter et d\u2019obtenir des honoraires de r\u00e9sultats \u00e0 titre compl\u00e9mentaire en fonction du r\u00e9sultat ou du service rendu \u00bb. Toutes les fois que cela est possible le cabinet vous proposera une convention d\u2019honoraires liant la r\u00e9mun\u00e9ration au r\u00e9sultat atteint. Il est \u00e0 noter que l\u2019honoraire de r\u00e9sultat s\u2019associe toujours au forfait et que l\u2019honoraire de r\u00e9sultat seul est interdit en France.<\/p>\n<p><strong><br \/>\nL\u2019abonnement :<\/strong> Il est d\u00e9fini selon les besoins et les demandes des clients. Ce syst\u00e8me est adapt\u00e9 aux petites et moyennes entreprises, les groupements, les institutions et associations qui ne disposent pas de service juridique. L\u2019honoraire est fix\u00e9 et d\u00e9termin\u00e9 \u00e0 l\u2019avance.[\/vc_column_text][vc_empty_space height=\u00a0\u00bb30px\u00a0\u00bb][\/vc_column][vc_column width=\u00a0\u00bb1\/3&Prime;][vc_single_image image=\u00a0\u00bb16137&Prime; img_size=\u00a0\u00bblarge\u00a0\u00bb qode_css_animation=\u00a0\u00bb\u00a0\u00bb][\/vc_column][\/vc_row][vc_row css_animation=\u00a0\u00bb\u00a0\u00bb row_type=\u00a0\u00bbrow\u00a0\u00bb use_row_as_full_screen_section=\u00a0\u00bbno\u00a0\u00bb type=\u00a0\u00bbfull_width\u00a0\u00bb angled_section=\u00a0\u00bbno\u00a0\u00bb text_align=\u00a0\u00bbleft\u00a0\u00bb background_image_as_pattern=\u00a0\u00bbwithout_pattern\u00a0\u00bb][vc_column][vc_empty_space][\/vc_column][\/vc_row][vc_row css_animation=\u00a0\u00bb\u00a0\u00bb row_type=\u00a0\u00bbrow\u00a0\u00bb use_row_as_full_screen_section=\u00a0\u00bbno\u00a0\u00bb type=\u00a0\u00bbfull_width\u00a0\u00bb angled_section=\u00a0\u00bbno\u00a0\u00bb text_align=\u00a0\u00bbleft\u00a0\u00bb background_image_as_pattern=\u00a0\u00bbwithout_pattern\u00a0\u00bb][vc_column][vc_column_text]<\/p>\n<p>[\/vc_column_text][\/vc_column][\/vc_row]<\/p>\n","protected":false},"excerpt":{"rendered":"<p>[vc_row css_animation=\u00a0\u00bb\u00a0\u00bb row_type=\u00a0\u00bbrow\u00a0\u00bb use_row_as_full_screen_section=\u00a0\u00bbno\u00a0\u00bb type=\u00a0\u00bbfull_width\u00a0\u00bb angled_section=\u00a0\u00bbno\u00a0\u00bb text_align=\u00a0\u00bbleft\u00a0\u00bb background_image_as_pattern=\u00a0\u00bbwithout_pattern\u00a0\u00bb][vc_column width=\u00a0\u00bb2\/3&Prime;][vc_column_text] Les honoraires sont fix\u00e9s en fonction de la nature et de la complexit\u00e9 de l\u2019affaire. [\/vc_column_text][vc_empty_space height=\u00a0\u00bb30px\u00a0\u00bb][vc_column_text]Les diff\u00e9rentes formes du calcul des honoraires : &nbsp; Honoraire forfaitaire : Cette m\u00e9thode est envisageable dans les dossiers dont&#8230;<\/p>\n","protected":false},"author":1,"featured_media":0,"parent":0,"menu_order":0,"comment_status":"closed","ping_status":"closed","template":"","meta":[],"_links":{"self":[{"href":"https:\/\/themis-conseils.com\/index.php\/wp-json\/wp\/v2\/pages\/16133"}],"collection":[{"href":"https:\/\/themis-conseils.com\/index.php\/wp-json\/wp\/v2\/pages"}],"about":[{"href":"https:\/\/themis-conseils.com\/index.php\/wp-json\/wp\/v2\/types\/page"}],"author":[{"embeddable":true,"href":"https:\/\/themis-conseils.com\/index.php\/wp-json\/wp\/v2\/users\/1"}],"replies":[{"embeddable":true,"href":"https:\/\/themis-conseils.com\/index.php\/wp-json\/wp\/v2\/comments?post=16133"}],"version-history":[{"count":15,"href":"https:\/\/themis-conseils.com\/index.php\/wp-json\/wp\/v2\/pages\/16133\/revisions"}],"predecessor-version":[{"id":16194,"href":"https:\/\/themis-conseils.com\/index.php\/wp-json\/wp\/v2\/pages\/16133\/revisions\/16194"}],"wp:attachment":[{"href":"https:\/\/themis-conseils.com\/index.php\/wp-json\/wp\/v2\/media?parent=16133"}],"curies":[{"name":"wp","href":"https:\/\/api.w.org\/{rel}","templated":true}]}}