{"id":16147,"date":"2022-03-06T16:16:31","date_gmt":"2022-03-06T15:16:31","guid":{"rendered":"http:\/\/themis-conseils.fr.visiopub.eu\/?page_id=16147"},"modified":"2024-01-17T18:47:53","modified_gmt":"2024-01-17T17:47:53","slug":"contacts","status":"publish","type":"page","link":"https:\/\/themis-conseils.com\/index.php\/contacts\/","title":{"rendered":"Nos coordonn\u00e9es"},"content":{"rendered":"<p>[vc_row css_animation=\u00a0\u00bb\u00a0\u00bb row_type=\u00a0\u00bbrow\u00a0\u00bb use_row_as_full_screen_section=\u00a0\u00bbno\u00a0\u00bb type=\u00a0\u00bbfull_width\u00a0\u00bb angled_section=\u00a0\u00bbno\u00a0\u00bb text_align=\u00a0\u00bbleft\u00a0\u00bb background_image_as_pattern=\u00a0\u00bbwithout_pattern\u00a0\u00bb][vc_column][vc_column_text]<\/p>\n<h4>Nos bureaux de Toulouse et Carcassonne vous accueillent sur rendez-vous.<\/h4>\n<p>[\/vc_column_text][vc_empty_space height=\u00a0\u00bb60px\u00a0\u00bb][\/vc_column][\/vc_row][vc_row css_animation=\u00a0\u00bb\u00a0\u00bb row_type=\u00a0\u00bbrow\u00a0\u00bb use_row_as_full_screen_section=\u00a0\u00bbno\u00a0\u00bb type=\u00a0\u00bbfull_width\u00a0\u00bb angled_section=\u00a0\u00bbno\u00a0\u00bb text_align=\u00a0\u00bbleft\u00a0\u00bb background_image_as_pattern=\u00a0\u00bbwithout_pattern\u00a0\u00bb][vc_column width=\u00a0\u00bb1\/2&Prime;][vc_column_text]<\/p>\n<h5>Bureau de Toulouse d\u00e9m\u00e9nage \u00e0 Lab\u00e8ge :<\/h5>\n<p>[\/vc_column_text][vc_empty_space][vc_column_text]<\/p>\n<h6>298, all\u00e9e du Lac, Green Park III<br \/>\n31670 LABEGE<br \/>\n<a href=\"mailto:julie.maurel@avocats-mazars.com\">julie.maurel@avocats-mazars.com<\/a><br \/>\nT\u00e9l. 05 61 12 52 20<\/h6>\n<p>[\/vc_column_text][vc_empty_space][vc_gmaps link=\u00a0\u00bb#E-8_JTNDaWZyYW1lJTIwc3JjJTNEJTIyaHR0cHMlM0ElMkYlMkZ3d3cuZ29vZ2xlLmNvbSUyRm1hcHMlMkZlbWJlZCUzRnBiJTNEJTIxMW0xOCUyMTFtMTIlMjExbTMlMjExZDI4OTIuNDY4NTIzMjYwMTc5NiUyMTJkMS41MTM0MDU3NzY4Mjc3NzklMjEzZDQzLjUzNDI3NDU3MTEwNzk5JTIxMm0zJTIxMWYwJTIxMmYwJTIxM2YwJTIxM20yJTIxMWkxMDI0JTIxMmk3NjglMjE0ZjEzLjElMjEzbTMlMjExbTIlMjExczB4MTJhZWJlMTk1YmRhYWFhYiUyNTNBMHhhNDk1OGY2Y2M2ZTEwZjQ0JTIxMnNHcmVlbi1QYXJrJTI1MjBMYWIlMjVDMyUyNUE4Z2UlMjE1ZTAlMjEzbTIlMjExc2ZyJTIxMnNmciUyMTR2MTcwNTUxMzYyMjY2OCUyMTVtMiUyMTFzZnIlMjEyc2ZyJTIyJTIwd2lkdGglM0QlMjIzMDAlMjIlMjBoZWlnaHQlM0QlMjIzMTUlMjIlMjBzdHlsZSUzRCUyMmJvcmRlciUzQTAlM0IlMjIlMjBhbGxvd2Z1bGxzY3JlZW4lM0QlMjIlMjIlMjBsb2FkaW5nJTNEJTIybGF6eSUyMiUyMHJlZmVycmVycG9saWN5JTNEJTIybm8tcmVmZXJyZXItd2hlbi1kb3duZ3JhZGUlMjIlM0UlM0MlMkZpZnJhbWUlM0U=\u00a0\u00bb][\/vc_column][vc_column width=\u00a0\u00bb1\/2&Prime;][vc_column_text]<\/p>\n<h5>Bureau de Carcassonne<\/h5>\n<p>[\/vc_column_text][vc_empty_space][vc_column_text]<\/p>\n<h6>6, rue de la R\u00e9publique<br \/>\n11000 CARCASSONNE<br \/>\n<a href=\"mailto:christelle.sanroman@avocats-mazars.com\">christelle.sanroman@avocats-mazars.com<\/a><br \/>\nT\u00e9l. 04 68 47 71 76<\/h6>\n<p>[\/vc_column_text][vc_empty_space][vc_gmaps link=\u00a0\u00bb#E-8_JTNDaWZyYW1lJTIwc3JjJTNEJTIyaHR0cHMlM0ElMkYlMkZ3d3cuZ29vZ2xlLmNvbSUyRm1hcHMlMkZlbWJlZCUzRnBiJTNEJTIxMW0xOCUyMTFtMTIlMjExbTMlMjExZDI5MDcuNzY1OTUzODI1NTk1JTIxMmQyLjM1MDY4MTYxNTM0NTkyOTYlMjEzZDQzLjIxNDM5ODA4ODcxMjA2JTIxMm0zJTIxMWYwJTIxMmYwJTIxM2YwJTIxM20yJTIxMWkxMDI0JTIxMmk3NjglMjE0ZjEzLjElMjEzbTMlMjExbTIlMjExczB4MTJhZTJjM2EzZmI3NzYyZiUyNTNBMHhkYjUyNWI1MWMwMzU0ZmI1JTIxMnM2JTI1MjBSdWUlMjUyMGRlJTI1MjBsYSUyNTIwUiUyNUMzJTI1QTlwdWJsaXF1ZSUyNTJDJTI1MjAxMTAwMCUyNTIwQ2FyY2Fzc29ubmUlMjE1ZTAlMjEzbTIlMjExc2ZyJTIxMnNmciUyMTR2MTY2OTY1NjA4NzEyNyUyMTVtMiUyMTFzZnIlMjEyc2ZyJTIyJTIwd2lkdGglM0QlMjIzMDAlMjIlMjBoZWlnaHQlM0QlMjIzMTUlMjIlMjBzdHlsZSUzRCUyMmJvcmRlciUzQTAlM0IlMjIlMjBhbGxvd2Z1bGxzY3JlZW4lM0QlMjIlMjIlMjBsb2FkaW5nJTNEJTIybGF6eSUyMiUyMHJlZmVycmVycG9saWN5JTNEJTIybm8tcmVmZXJyZXItd2hlbi1kb3duZ3JhZGUlMjIlM0UlM0MlMkZpZnJhbWUlM0U=\u00a0\u00bb][\/vc_column][\/vc_row][vc_row css_animation=\u00a0\u00bb\u00a0\u00bb row_type=\u00a0\u00bbrow\u00a0\u00bb use_row_as_full_screen_section=\u00a0\u00bbno\u00a0\u00bb type=\u00a0\u00bbfull_width\u00a0\u00bb angled_section=\u00a0\u00bbno\u00a0\u00bb text_align=\u00a0\u00bbleft\u00a0\u00bb background_image_as_pattern=\u00a0\u00bbwithout_pattern\u00a0\u00bb][vc_column][vc_empty_space height=\u00a0\u00bb70px\u00a0\u00bb][\/vc_column][\/vc_row]<\/p>\n","protected":false},"excerpt":{"rendered":"<p>[vc_row css_animation=\u00a0\u00bb\u00a0\u00bb row_type=\u00a0\u00bbrow\u00a0\u00bb use_row_as_full_screen_section=\u00a0\u00bbno\u00a0\u00bb type=\u00a0\u00bbfull_width\u00a0\u00bb angled_section=\u00a0\u00bbno\u00a0\u00bb text_align=\u00a0\u00bbleft\u00a0\u00bb background_image_as_pattern=\u00a0\u00bbwithout_pattern\u00a0\u00bb][vc_column][vc_column_text] Nos bureaux de Toulouse et Carcassonne vous accueillent sur rendez-vous. [\/vc_column_text][vc_empty_space height=\u00a0\u00bb60px\u00a0\u00bb][\/vc_column][\/vc_row][vc_row css_animation=\u00a0\u00bb\u00a0\u00bb row_type=\u00a0\u00bbrow\u00a0\u00bb use_row_as_full_screen_section=\u00a0\u00bbno\u00a0\u00bb type=\u00a0\u00bbfull_width\u00a0\u00bb angled_section=\u00a0\u00bbno\u00a0\u00bb text_align=\u00a0\u00bbleft\u00a0\u00bb background_image_as_pattern=\u00a0\u00bbwithout_pattern\u00a0\u00bb][vc_column width=\u00a0\u00bb1\/2&Prime;][vc_column_text] Bureau de Toulouse d\u00e9m\u00e9nage \u00e0 Lab\u00e8ge : [\/vc_column_text][vc_empty_space][vc_column_text] 298, all\u00e9e du Lac, Green Park III 31670 LABEGE&#8230;<\/p>\n","protected":false},"author":1,"featured_media":0,"parent":0,"menu_order":0,"comment_status":"closed","ping_status":"closed","template":"","meta":[],"_links":{"self":[{"href":"https:\/\/themis-conseils.com\/index.php\/wp-json\/wp\/v2\/pages\/16147"}],"collection":[{"href":"https:\/\/themis-conseils.com\/index.php\/wp-json\/wp\/v2\/pages"}],"about":[{"href":"https:\/\/themis-conseils.com\/index.php\/wp-json\/wp\/v2\/types\/page"}],"author":[{"embeddable":true,"href":"https:\/\/themis-conseils.com\/index.php\/wp-json\/wp\/v2\/users\/1"}],"replies":[{"embeddable":true,"href":"https:\/\/themis-conseils.com\/index.php\/wp-json\/wp\/v2\/comments?post=16147"}],"version-history":[{"count":15,"href":"https:\/\/themis-conseils.com\/index.php\/wp-json\/wp\/v2\/pages\/16147\/revisions"}],"predecessor-version":[{"id":16225,"href":"https:\/\/themis-conseils.com\/index.php\/wp-json\/wp\/v2\/pages\/16147\/revisions\/16225"}],"wp:attachment":[{"href":"https:\/\/themis-conseils.com\/index.php\/wp-json\/wp\/v2\/media?parent=16147"}],"curies":[{"name":"wp","href":"https:\/\/api.w.org\/{rel}","templated":true}]}}